{"id":948,"date":"2025-08-09T08:25:00","date_gmt":"2025-08-09T08:25:00","guid":{"rendered":"https:\/\/hurtadoplasticsurgery.com\/?page_id=948"},"modified":"2025-08-09T08:51:01","modified_gmt":"2025-08-09T08:51:01","slug":"botox","status":"publish","type":"page","link":"https:\/\/hurtadoplasticsurgery.com\/es\/procedures\/non-surgical\/botox\/","title":{"rendered":"Botox"},"content":{"rendered":"<p>[et_pb_section fb_built=&#8221;1&#8243; _builder_version=&#8221;4.27.4&#8243; _module_preset=&#8221;default&#8221; locked=&#8221;off&#8221; global_colors_info=&#8221;{}&#8221;][et_pb_row column_structure=&#8221;1_2,1_2&#8243; _builder_version=&#8221;4.27.4&#8243; _module_preset=&#8221;default&#8221; max_width=&#8221;1440px&#8221; custom_margin=&#8221;0px||0px||false|false&#8221; custom_padding=&#8221;0px||0px||true|false&#8221; locked=&#8221;off&#8221; global_colors_info=&#8221;{}&#8221;][et_pb_column type=&#8221;1_2&#8243; _builder_version=&#8221;4.27.4&#8243; _module_preset=&#8221;default&#8221; global_colors_info=&#8221;{}&#8221;][et_pb_image src=&#8221;https:\/\/hurtadoplasticsurgery.com\/wp-content\/uploads\/2025\/08\/pexels-jonaorle-3828236-scaled.jpg&#8221; alt=&#8221;Aumento de Busto&#8221; title_text=&#8221;pexels-jonaorle-3828236&#8243; _builder_version=&#8221;4.27.4&#8243; _module_preset=&#8221;default&#8221; custom_margin=&#8221;0px||0px||true|false&#8221; custom_padding=&#8221;0px||0px||true|false&#8221; custom_css_free_form=&#8221;selector span.et_pb_image_wrap img {||  aspect-ratio: 1;||  object-fit: cover;||  width: fit-content;||}&#8221; global_colors_info=&#8221;{}&#8221;][\/et_pb_image][\/et_pb_column][et_pb_column type=&#8221;1_2&#8243; _builder_version=&#8221;4.27.4&#8243; _module_preset=&#8221;default&#8221; global_colors_info=&#8221;{}&#8221;][et_pb_heading title=&#8221; Non Surgical Procedures&#8221; _builder_version=&#8221;4.27.4&#8243; _module_preset=&#8221;default&#8221; title_level=&#8221;h3&#8243; title_font=&#8221;&#8211;et_global_body_font|300|||||||&#8221; title_font_size=&#8221;20px&#8221; custom_margin=&#8221;||0px||false|false&#8221; global_colors_info=&#8221;{}&#8221;][\/et_pb_heading][et_pb_heading title=&#8221;Botox&#8221; _builder_version=&#8221;4.27.4&#8243; _module_preset=&#8221;default&#8221; title_font=&#8221;|700|||||||&#8221; title_font_size=&#8221;48px&#8221; custom_margin=&#8221;||28px||false|false&#8221; global_colors_info=&#8221;{}&#8221;][\/et_pb_heading][et_pb_tabs active_tab_background_color=&#8221;RGBA(255,255,255,0)&#8221; inactive_tab_background_color=&#8221;RGBA(255,255,255,0)&#8221; active_tab_text_color=&#8221;#250C04&#8243; _builder_version=&#8221;4.27.4&#8243; _module_preset=&#8221;default&#8221; tab_text_color=&#8221;#250C04&#8243; body_text_color=&#8221;#916F52&#8243; tab_font=&#8221;&#8211;et_global_body_font|300||on|||||&#8221; tab_font_size=&#8221;14px&#8221; background_color=&#8221;RGBA(255,255,255,0)&#8221; custom_margin=&#8221;||28px||false|false&#8221; hover_enabled=&#8221;0&#8243; custom_css_free_form=&#8221;selector ul.et_pb_tabs_controls::after {||  border: 0;||}||||selector ul.et_pb_tabs_controls li:hover {||  border-bottom-color: #250C04 !important;||}&#8221; custom_css_tabs_controls=&#8221;background: transparent;||display: flex;||gap: 20px;&#8221; custom_css_tab=&#8221;border-right: 0;||border-bottom: 1px transparent solid;||transition: all 200ms;||||a {||  padding-left: 4px;||  padding-right: 4px;||}&#8221; custom_css_active_tab=&#8221;border-bottom: #250C04 1px solid !important;&#8221; custom_css_tabs_content=&#8221;padding: 12px 0;&#8221; border_width_all=&#8221;0px&#8221; border_style_all=&#8221;none&#8221; global_colors_info=&#8221;{}&#8221; sticky_enabled=&#8221;0&#8243;][et_pb_tab title=&#8221;DESCRIPTION&#8221; _builder_version=&#8221;4.27.4&#8243; _module_preset=&#8221;default&#8221; hover_enabled=&#8221;0&#8243; global_colors_info=&#8221;{}&#8221; sticky_enabled=&#8221;0&#8243;]<\/p>\n<div id=\"comp-lmobsmpp\" class=\"Z_l5lU ku3DBC zQ9jDz qvSjx3 Vq6kJx comp-lmobsmpp wixui-rich-text\" data-testid=\"richTextElement\">\n<h3 class=\"font_3 wixui-rich-text__text\">\u00bfQu\u00e9 es el Botox?<\/h3>\n<\/div>\n<div id=\"comp-lnphc15d\" class=\"Z_l5lU ku3DBC zQ9jDz qvSjx3 Vq6kJx comp-lnphc15d wixui-rich-text\" data-testid=\"richTextElement\">\n<p class=\"font_2 wixui-rich-text__text\">El b\u00f3tox (toxina botul\u00ednica tipo A) es un tratamiento inyectable seguro, aprobado por la FDA, que se utiliza com\u00fanmente para reducir temporalmente la apariencia de l\u00edneas de expresi\u00f3n y arrugas. Act\u00faa relajando los m\u00fasculos faciales subyacentes que causan arrugas din\u00e1micas, como las del entrecejo, la frente y las patas de gallo, lo que resulta en una apariencia m\u00e1s suave y juvenil. El b\u00f3tox tambi\u00e9n se utiliza para diversas afecciones m\u00e9dicas, como la sudoraci\u00f3n excesiva (hiperhidrosis), las migra\u00f1as y los espasmos musculares.<\/p>\n<h3>Pautas previas al tratamiento<\/h3>\n<p>Para garantizar el mejor resultado y minimizar el riesgo de hematomas o efectos secundarios, recomendamos lo siguiente antes de su cita:<\/p>\n<ul>\n<li>Evite los medicamentos y suplementos anticoagulantes (por ejemplo, aspirina, ibuprofeno, vitamina E, aceite de pescado) durante al menos 3 a 5 d\u00edas antes.<\/li>\n<li>Abstenerse de consumir alcohol durante 24 horas antes del tratamiento.<\/li>\n<li>Inform us of any recent medical procedures, medications, or health changes.<\/li>\n<li>Ven a tu cita con el rostro limpio, libre de maquillaje o productos de cuidado de la piel.<\/li>\n<\/ul>\n<h3>Cuidados postratamiento<\/h3>\n<p>Despu\u00e9s de recibir Botox, siga estas instrucciones de cuidado para favorecer una curaci\u00f3n segura y obtener resultados efectivos:<\/p>\n<ul>\n<li>Permanezca erguido durante al menos 4 horas despu\u00e9s del tratamiento.<\/li>\n<li>Evite tocar, frotar o masajear el \u00e1rea tratada durante 24 horas.<\/li>\n<li>No se someta a tratamientos faciales, peelings qu\u00edmicos ni otros tratamientos faciales durante al menos 1 semana.<\/li>\n<li>Es normal que aparezca una ligera hinchaz\u00f3n, enrojecimiento o hematomas en los lugares de la inyecci\u00f3n y generalmente desaparecen en unos pocos d\u00edas.<\/li>\n<\/ul>\n<\/div>\n<p>[\/et_pb_tab][et_pb_tab title=&#8221;FAQs&#8221; _builder_version=&#8221;4.27.4&#8243; _module_preset=&#8221;default&#8221; global_colors_info=&#8221;{}&#8221;]<\/p>\n<ul class=\"font_7 wixui-rich-text__text\">\n<li class=\"wixui-rich-text__text\">\n<p class=\"font_7 wixui-rich-text__text\"><strong class=\"wixui-rich-text__text\">P: \u00bfC\u00f3mo se aplica el Botox?<\/strong><br class=\"wixui-rich-text__text\" \/>R:<\/p>\n<ul class=\"font_7 wixui-rich-text__text\">\n<li class=\"wixui-rich-text__text\">\n<p class=\"font_7 wixui-rich-text__text\"><strong>Consulta:<\/strong> Su proveedor evaluar\u00e1 su estructura facial, historial m\u00e9dico y objetivos est\u00e9ticos para determinar si el Botox es adecuado para usted.<\/p>\n<\/li>\n<li class=\"wixui-rich-text__text\">\n<p class=\"font_7 wixui-rich-text__text\"><strong>Preparation:<\/strong> Se limpia el \u00e1rea a tratar y se aplica un anest\u00e9sico t\u00f3pico para mayor comodidad.<\/p>\n<\/li>\n<li class=\"wixui-rich-text__text\">\n<p class=\"font_7 wixui-rich-text__text\"><strong>Inyecci\u00f3n:<\/strong> Utilizando una aguja muy fina, se inyectan peque\u00f1as cantidades de Botox estrat\u00e9gicamente en m\u00fasculos espec\u00edficos.<\/p>\n<\/li>\n<li class=\"wixui-rich-text__text\">\n<p class=\"font_7 wixui-rich-text__text\"><strong>Duraci\u00f3n:<\/strong> El procedimiento suele tardar entre 10 y 20 minutos, con m\u00ednimas molestias y sin necesidad de anestesia ni tiempo de inactividad.<\/p>\n<\/li>\n<\/ul>\n<\/li>\n<\/ul>\n<ul class=\"font_7 wixui-rich-text__text\">\n<li class=\"wixui-rich-text__text\">\n<p class=\"font_7 wixui-rich-text__text\"><strong class=\"wixui-rich-text__text\">P: \u00bfCu\u00e1nto duran los resultados?<\/strong><br class=\"wixui-rich-text__text\" \/>R:<\/p>\n<ul class=\"font_7 wixui-rich-text__text\">\n<li class=\"wixui-rich-text__text\">\n<p class=\"font_7 wixui-rich-text__text\"><strong>Inicio de resultados:<\/strong> Los efectos iniciales pueden notarse entre 3 y 5 d\u00edas, y los resultados completos pueden verse entre 10 y 14 d\u00edas.<\/p>\n<\/li>\n<li class=\"wixui-rich-text__text\">\n<p class=\"font_7 wixui-rich-text__text\"><strong>Duraci\u00f3n:<\/strong> Los resultados generalmente duran 6 meses, dependiendo de factores individuales como la actividad muscular, el metabolismo y el \u00e1rea de tratamiento.<\/p>\n<\/li>\n<li class=\"wixui-rich-text__text\">Se recomiendan tratamientos de mantenimiento regulares para mantener resultados \u00f3ptimos.<\/li>\n<\/ul>\n<\/li>\n<\/ul>\n<ul class=\"font_7 wixui-rich-text__text\"><\/ul>\n<ul class=\"font_7 wixui-rich-text__text\"><\/ul>\n<p>[\/et_pb_tab][et_pb_tab title=&#8221;ABOUT THE DOCTOR&#8221; _builder_version=&#8221;4.27.4&#8243; _module_preset=&#8221;default&#8221; global_colors_info=&#8221;{}&#8221;]<\/p>\n<div id=\"comp-lnph9d2f\" class=\"Z_l5lU ku3DBC zQ9jDz qvSjx3 Vq6kJx comp-lnph9d2f wixui-rich-text\" data-testid=\"richTextElement\">\n<div id=\"comp-lnph9d2f\" class=\"Z_l5lU ku3DBC zQ9jDz qvSjx3 Vq6kJx comp-lnph9d2f wixui-rich-text\" data-testid=\"richTextElement\">\n<h3 class=\"font_3 wixui-rich-text__text\"><span class=\"wixui-rich-text__text\">\u00bfPor qu\u00e9 elegir al Dr. Hurtado Vidal?<\/span><\/h3>\n<\/div>\n<div id=\"comp-lnphzmok\" class=\"Z_l5lU ku3DBC zQ9jDz qvSjx3 Vq6kJx comp-lnphzmok wixui-rich-text\" data-testid=\"richTextElement\">\n<p>Con a\u00f1os de experiencia y un enfoque en la atenci\u00f3n centrada en el paciente, el Dr. Hurtado Vidal garantiza una experiencia c\u00f3moda y exitosa.<\/p>\n<\/div>\n<\/div>\n<p>[\/et_pb_tab][\/et_pb_tabs][et_pb_button button_url=&#8221;@ET-DC@eyJkeW5hbWljIjp0cnVlLCJjb250ZW50IjoicG9zdF9saW5rX3VybF9wYWdlIiwic2V0dGluZ3MiOnsicG9zdF9pZCI6IjIxMCJ9fQ==@&#8221; button_text=&#8221;Book your exclusive consultation&#8221; button_alignment=&#8221;right&#8221; _builder_version=&#8221;4.27.4&#8243; _dynamic_attributes=&#8221;button_url&#8221; _module_preset=&#8221;default&#8221; custom_button=&#8221;on&#8221; button_text_color=&#8221;#916F52&#8243; button_bg_color=&#8221;RGBA(255,255,255,0)&#8221; button_border_width=&#8221;1px&#8221; button_border_color=&#8221;#916F52&#8243; button_use_icon=&#8221;off&#8221; custom_padding=&#8221;12px|24px|12px|24px|true|true&#8221; button_bg_color_last_edited=&#8221;off|desktop&#8221; locked=&#8221;off&#8221; global_colors_info=&#8221;{}&#8221; button_bg_color__hover_enabled=&#8221;on|hover&#8221; button_border_width__hover_enabled=&#8221;on|desktop&#8221; button_border_width__hover=&#8221;1px&#8221; button_border_color__hover_enabled=&#8221;on|desktop&#8221; button_border_color__hover=&#8221;#8F794B&#8221; button_text_color__hover_enabled=&#8221;on|hover&#8221; button_text_color__hover=&#8221;#FCFAFA&#8221; button_bg_color__hover=&#8221;#916F52&#8243; button_bg_enable_color__hover=&#8221;on&#8221;][\/et_pb_button][\/et_pb_column][\/et_pb_row][\/et_pb_section]<\/p>","protected":false},"excerpt":{"rendered":"<p>What is Botox? Botox (Botulinum Toxin Type A) is a safe, FDA-approved injectable treatment commonly used to temporarily reduce the appearance of fine lines and wrinkles. It works by relaxing the underlying facial muscles that cause dynamic wrinkles such as frown lines, forehead lines, and crow\u2019s feet, resulting in a smoother, more youthful appearance. Botox [&hellip;]<\/p>","protected":false},"author":2,"featured_media":0,"parent":909,"menu_order":0,"comment_status":"closed","ping_status":"closed","template":"","meta":{"_et_pb_use_builder":"on","_et_pb_old_content":"<!-- wp:divi\/placeholder \/-->","_et_gb_content_width":"","_joinchat":[],"footnotes":""},"class_list":["post-948","page","type-page","status-publish","hentry"],"_links":{"self":[{"href":"https:\/\/hurtadoplasticsurgery.com\/es\/wp-json\/wp\/v2\/pages\/948","targetHints":{"allow":["GET"]}}],"collection":[{"href":"https:\/\/hurtadoplasticsurgery.com\/es\/wp-json\/wp\/v2\/pages"}],"about":[{"href":"https:\/\/hurtadoplasticsurgery.com\/es\/wp-json\/wp\/v2\/types\/page"}],"author":[{"embeddable":true,"href":"https:\/\/hurtadoplasticsurgery.com\/es\/wp-json\/wp\/v2\/users\/2"}],"replies":[{"embeddable":true,"href":"https:\/\/hurtadoplasticsurgery.com\/es\/wp-json\/wp\/v2\/comments?post=948"}],"version-history":[{"count":8,"href":"https:\/\/hurtadoplasticsurgery.com\/es\/wp-json\/wp\/v2\/pages\/948\/revisions"}],"predecessor-version":[{"id":1004,"href":"https:\/\/hurtadoplasticsurgery.com\/es\/wp-json\/wp\/v2\/pages\/948\/revisions\/1004"}],"up":[{"embeddable":true,"href":"https:\/\/hurtadoplasticsurgery.com\/es\/wp-json\/wp\/v2\/pages\/909"}],"wp:attachment":[{"href":"https:\/\/hurtadoplasticsurgery.com\/es\/wp-json\/wp\/v2\/media?parent=948"}],"curies":[{"name":"wp","href":"https:\/\/api.w.org\/{rel}","templated":true}]}}