{"id":909,"date":"2025-08-09T07:57:32","date_gmt":"2025-08-09T07:57:32","guid":{"rendered":"https:\/\/hurtadoplasticsurgery.com\/?page_id=909"},"modified":"2025-08-12T02:14:23","modified_gmt":"2025-08-12T02:14:23","slug":"non-surgical","status":"publish","type":"page","link":"https:\/\/hurtadoplasticsurgery.com\/es\/procedures\/non-surgical\/","title":{"rendered":"No quir\u00fargico"},"content":{"rendered":"<p>[et_pb_section fb_built=&#8221;1&#8243; _builder_version=&#8221;4.27.4&#8243; _module_preset=&#8221;default&#8221; custom_padding=&#8221;0px||0px||true|false&#8221; custom_css_main_element=&#8221;height: calc(100vh &#8211; 120px);&#8221; locked=&#8221;off&#8221; global_colors_info=&#8221;{}&#8221;][et_pb_row column_structure=&#8221;1_2,1_2&#8243; make_equal=&#8221;on&#8221; _builder_version=&#8221;4.27.4&#8243; _module_preset=&#8221;default&#8221; width=&#8221;100%&#8221; max_width=&#8221;none&#8221; custom_margin=&#8221;0px|0px|0px|0px|true|true&#8221; custom_padding=&#8221;0px||0px||true|false&#8221; custom_css_main_element=&#8221;height: 100%;&#8221; global_colors_info=&#8221;{}&#8221;][et_pb_column type=&#8221;1_2&#8243; _builder_version=&#8221;4.27.4&#8243; _module_preset=&#8221;default&#8221; global_colors_info=&#8221;{}&#8221;][et_pb_image src=&#8221;https:\/\/hurtadoplasticsurgery.com\/wp-content\/uploads\/2025\/08\/pexels-krivitskiy-5151688-scaled.jpg&#8221; alt=&#8221;Procedimientos de Rostro&#8221; title_text=&#8221;pexels-krivitskiy-5151688&#8243; _builder_version=&#8221;4.27.4&#8243; _module_preset=&#8221;default&#8221; height=&#8221;100%&#8221; max_height=&#8221;100%&#8221; custom_css_free_form=&#8221;selector, selector div.et_pb_image, selector img, selector span.et_pb_image_wrap  {||  height: 100% !important;||  width: 100% !important;||}||||selector img {||  object-fit: cover !important;||  object-position: top !important;||}&#8221; global_colors_info=&#8221;{}&#8221;][\/et_pb_image][\/et_pb_column][et_pb_column type=&#8221;1_2&#8243; _builder_version=&#8221;4.27.4&#8243; _module_preset=&#8221;default&#8221; custom_padding=&#8221;|48px|||false|false&#8221; custom_padding_tablet=&#8221;|48px|12px|48px|false|true&#8221; custom_padding_phone=&#8221;|32px|12px|32px|false|true&#8221; custom_padding_last_edited=&#8221;on|tablet&#8221; custom_css_main_element=&#8221;margin: auto;&#8221; global_colors_info=&#8221;{}&#8221;][et_pb_heading title=&#8221;Non-Surgical&#8221; _builder_version=&#8221;4.27.4&#8243; _module_preset=&#8221;default&#8221; title_level=&#8221;h2&#8243; title_font=&#8221;&#8211;et_global_body_font|&#8211;et_global_body_font_weight|||||||&#8221; title_font_size=&#8221;20px&#8221; custom_margin=&#8221;||8px||false|false&#8221; global_colors_info=&#8221;{}&#8221;][\/et_pb_heading][et_pb_heading title=&#8221;Refresh your look without surgery&#8221; _builder_version=&#8221;4.27.4&#8243; _module_preset=&#8221;default&#8221; custom_margin=&#8221;||24px||false|false&#8221; global_colors_info=&#8221;{}&#8221;][\/et_pb_heading][et_pb_text _builder_version=&#8221;4.27.4&#8243; _module_preset=&#8221;default&#8221; text_text_color=&#8221;#916F52&#8243; global_colors_info=&#8221;{}&#8221;]<\/p>\n<p>Los tratamientos no quir\u00fargicos son una excelente alternativa para mejorar la apariencia y combatir los signos del envejecimiento. Estas opciones m\u00ednimamente invasivas ofrecen resultados naturales y un tiempo de recuperaci\u00f3n m\u00e1s corto, ideales para rejuvenecer el rostro, suavizar las arrugas y recuperar el volumen.<\/p>\n<p>[\/et_pb_text][\/et_pb_column][\/et_pb_row][\/et_pb_section][et_pb_section fb_built=&#8221;1&#8243; custom_padding_last_edited=&#8221;on|phone&#8221; _builder_version=&#8221;4.27.4&#8243; _module_preset=&#8221;default&#8221; custom_padding=&#8221;64px|64px|64px|64px|true|true&#8221; custom_padding_tablet=&#8221;64px|64px|64px|64px|true|true&#8221; custom_padding_phone=&#8221;64px|24px|64px|24px|true|true&#8221; locked=&#8221;off&#8221; global_colors_info=&#8221;{}&#8221;][et_pb_row _builder_version=&#8221;4.27.4&#8243; _module_preset=&#8221;default&#8221; width=&#8221;100%&#8221; max_width=&#8221;1440px&#8221; locked=&#8221;off&#8221; global_colors_info=&#8221;{}&#8221;][et_pb_column type=&#8221;4_4&#8243; _builder_version=&#8221;4.27.4&#8243; _module_preset=&#8221;default&#8221; global_colors_info=&#8221;{}&#8221;][et_pb_gallery gallery_ids=&#8221;1001,565&#8243; zoom_icon_color=&#8221;RGBA(255,255,255,0)&#8221; hover_overlay_color=&#8221;RGBA(255,255,255,0)&#8221; module_class=&#8221;custom-gallery-links&#8221; _builder_version=&#8221;4.27.4&#8243; _module_preset=&#8221;default&#8221; title_font=&#8221;&#8211;et_global_body_font|500|||||||&#8221; title_font_size=&#8221;16px&#8221; caption_font=&#8221;&#8211;et_global_body_font|300|||||||&#8221; caption_text_color=&#8221;#250C04&#8243; caption_font_size=&#8221;16px&#8221; caption_line_height=&#8221;24px&#8221; hover_enabled=&#8221;0&#8243; custom_css_free_form=&#8221;selector img {||  aspect-ratio: 1;||  object-fit: cover;||  width: 100% !important;||}&#8221; global_colors_info=&#8221;{}&#8221; sticky_enabled=&#8221;0&#8243;][\/et_pb_gallery][et_pb_code _builder_version=&#8221;4.27.4&#8243; _module_preset=&#8221;default&#8221; global_colors_info=&#8221;{}&#8221;]<script><!-- [et_pb_line_break_holder] -->document.addEventListener('DOMContentLoaded', function() {<!-- [et_pb_line_break_holder] -->    const galleryContainer = document.querySelector('.custom-gallery-links');<!-- [et_pb_line_break_holder] --><!-- [et_pb_line_break_holder] -->    if (galleryContainer) {<!-- [et_pb_line_break_holder] -->        const urls = [<!-- [et_pb_line_break_holder] -->          '\/botox\/',<!-- [et_pb_line_break_holder] -->          '\/fillers\/',<!-- [et_pb_line_break_holder] -->          '\/hyaluronic-acid\/',<!-- [et_pb_line_break_holder] -->        ];<!-- [et_pb_line_break_holder] --><!-- [et_pb_line_break_holder] -->        galleryContainer.addEventListener('click', function(e) {<!-- [et_pb_line_break_holder] -->            const clickedLink = e.target.closest('.et_pb_gallery_image a');<!-- [et_pb_line_break_holder] -->            <!-- [et_pb_line_break_holder] -->            const galleryLinks = galleryContainer.querySelectorAll('.et_pb_gallery_image a');<!-- [et_pb_line_break_holder] -->            const index = Array.from(galleryLinks).indexOf(clickedLink);<!-- [et_pb_line_break_holder] -->                <!-- [et_pb_line_break_holder] -->            if (urls[index]) {<!-- [et_pb_line_break_holder] -->                e.preventDefault();<!-- [et_pb_line_break_holder] -->                e.stopPropagation();<!-- [et_pb_line_break_holder] --><!-- [et_pb_line_break_holder] -->                window.location.href = window.location.href + urls[index];<!-- [et_pb_line_break_holder] -->            }<!-- [et_pb_line_break_holder] -->        }, true);<!-- [et_pb_line_break_holder] -->    }<!-- [et_pb_line_break_holder] -->});<!-- [et_pb_line_break_holder] --><\/script><!-- [et_pb_line_break_holder] -->[\/et_pb_code][\/et_pb_column][\/et_pb_row][\/et_pb_section]<\/p>","protected":false},"excerpt":{"rendered":"<p>Los tratamientos no quir\u00fargicos son una excelente alternativa para mejorar la apariencia y combatir los signos del envejecimiento. Estas opciones m\u00ednimamente invasivas ofrecen resultados naturales y un tiempo de recuperaci\u00f3n m\u00e1s corto, ideales para rejuvenecer el rostro, suavizar las arrugas y recuperar el volumen.<\/p>","protected":false},"author":2,"featured_media":0,"parent":204,"menu_order":0,"comment_status":"closed","ping_status":"closed","template":"","meta":{"_et_pb_use_builder":"on","_et_pb_old_content":"<!-- wp:divi\/placeholder \/-->","_et_gb_content_width":"","_joinchat":[],"footnotes":""},"class_list":["post-909","page","type-page","status-publish","hentry"],"_links":{"self":[{"href":"https:\/\/hurtadoplasticsurgery.com\/es\/wp-json\/wp\/v2\/pages\/909","targetHints":{"allow":["GET"]}}],"collection":[{"href":"https:\/\/hurtadoplasticsurgery.com\/es\/wp-json\/wp\/v2\/pages"}],"about":[{"href":"https:\/\/hurtadoplasticsurgery.com\/es\/wp-json\/wp\/v2\/types\/page"}],"author":[{"embeddable":true,"href":"https:\/\/hurtadoplasticsurgery.com\/es\/wp-json\/wp\/v2\/users\/2"}],"replies":[{"embeddable":true,"href":"https:\/\/hurtadoplasticsurgery.com\/es\/wp-json\/wp\/v2\/comments?post=909"}],"version-history":[{"count":10,"href":"https:\/\/hurtadoplasticsurgery.com\/es\/wp-json\/wp\/v2\/pages\/909\/revisions"}],"predecessor-version":[{"id":1077,"href":"https:\/\/hurtadoplasticsurgery.com\/es\/wp-json\/wp\/v2\/pages\/909\/revisions\/1077"}],"up":[{"embeddable":true,"href":"https:\/\/hurtadoplasticsurgery.com\/es\/wp-json\/wp\/v2\/pages\/204"}],"wp:attachment":[{"href":"https:\/\/hurtadoplasticsurgery.com\/es\/wp-json\/wp\/v2\/media?parent=909"}],"curies":[{"name":"wp","href":"https:\/\/api.w.org\/{rel}","templated":true}]}}