{"id":515,"date":"2025-08-04T23:28:19","date_gmt":"2025-08-04T23:28:19","guid":{"rendered":"https:\/\/hurtadoplasticsurgery.com\/?page_id=515"},"modified":"2025-08-06T10:34:53","modified_gmt":"2025-08-06T10:34:53","slug":"tummy-tuck","status":"publish","type":"page","link":"https:\/\/hurtadoplasticsurgery.com\/es\/procedures\/body\/tummy-tuck\/","title":{"rendered":"Tummy Tuck"},"content":{"rendered":"<p>[et_pb_section fb_built=&#8221;1&#8243; _builder_version=&#8221;4.27.4&#8243; _module_preset=&#8221;default&#8221; global_colors_info=&#8221;{}&#8221;][et_pb_row column_structure=&#8221;1_2,1_2&#8243; _builder_version=&#8221;4.27.4&#8243; _module_preset=&#8221;default&#8221; max_width=&#8221;1440px&#8221; custom_margin=&#8221;0px||0px||false|false&#8221; custom_padding=&#8221;0px||0px||true|false&#8221; locked=&#8221;off&#8221; global_colors_info=&#8221;{}&#8221;][et_pb_column type=&#8221;1_2&#8243; _builder_version=&#8221;4.27.4&#8243; _module_preset=&#8221;default&#8221; global_colors_info=&#8221;{}&#8221;][et_pb_image src=&#8221;https:\/\/hurtadoplasticsurgery.com\/wp-content\/uploads\/2025\/08\/pexels-arthousestudio-4348047-scaled-e1754442372935.jpg&#8221; alt=&#8221;Tummy Tuck&#8221; title_text=&#8221;Tummy Tuck&#8221; _builder_version=&#8221;4.27.4&#8243; _module_preset=&#8221;default&#8221; custom_margin=&#8221;0px||0px||true|false&#8221; custom_padding=&#8221;0px||0px||true|false&#8221; custom_css_free_form=&#8221;selector span.et_pb_image_wrap img {||  aspect-ratio: 1;||  object-fit: cover;||  width: fit-content;||}&#8221; global_colors_info=&#8221;{}&#8221;][\/et_pb_image][\/et_pb_column][et_pb_column type=&#8221;1_2&#8243; _builder_version=&#8221;4.27.4&#8243; _module_preset=&#8221;default&#8221; global_colors_info=&#8221;{}&#8221;][et_pb_heading title=&#8221;Body Procedures&#8221; _builder_version=&#8221;4.27.4&#8243; _module_preset=&#8221;default&#8221; title_level=&#8221;h3&#8243; title_font=&#8221;&#8211;et_global_body_font|300|||||||&#8221; title_font_size=&#8221;20px&#8221; custom_margin=&#8221;||0px||false|false&#8221; global_colors_info=&#8221;{}&#8221;][\/et_pb_heading][et_pb_heading title=&#8221;Tummy Tuck&#8221; _builder_version=&#8221;4.27.4&#8243; _module_preset=&#8221;default&#8221; title_font=&#8221;|700|||||||&#8221; title_font_size=&#8221;48px&#8221; custom_margin=&#8221;||28px||false|false&#8221; global_colors_info=&#8221;{}&#8221;][\/et_pb_heading][et_pb_tabs active_tab_background_color=&#8221;RGBA(255,255,255,0)&#8221; inactive_tab_background_color=&#8221;RGBA(255,255,255,0)&#8221; active_tab_text_color=&#8221;#250C04&#8243; _builder_version=&#8221;4.27.4&#8243; _module_preset=&#8221;default&#8221; tab_text_color=&#8221;#250C04&#8243; body_text_color=&#8221;#916F52&#8243; tab_font=&#8221;&#8211;et_global_body_font|300||on|||||&#8221; tab_font_size=&#8221;14px&#8221; background_color=&#8221;RGBA(255,255,255,0)&#8221; custom_margin=&#8221;||28px||false|false&#8221; custom_css_free_form=&#8221;selector ul.et_pb_tabs_controls::after {||  border: 0;||}||||selector ul.et_pb_tabs_controls li:hover {||  border-bottom-color: #250C04 !important;||}&#8221; custom_css_tabs_controls=&#8221;background: transparent;||display: flex;||gap: 20px;&#8221; custom_css_tab=&#8221;border-right: 0;||border-bottom: 1px transparent solid;||transition: all 200ms;||||a {||  padding-left: 4px;||  padding-right: 4px;||}&#8221; custom_css_active_tab=&#8221;border-bottom: #250C04 1px solid !important;&#8221; custom_css_tabs_content=&#8221;padding: 12px 0;&#8221; border_width_all=&#8221;0px&#8221; border_style_all=&#8221;none&#8221; global_colors_info=&#8221;{}&#8221;][et_pb_tab title=&#8221;DESCRIPTION&#8221; _builder_version=&#8221;4.27.4&#8243; _module_preset=&#8221;default&#8221; global_colors_info=&#8221;{}&#8221;]<\/p>\n<div id=\"comp-lmobsmpp\" class=\"Z_l5lU ku3DBC zQ9jDz qvSjx3 Vq6kJx comp-lmobsmpp wixui-rich-text\" data-testid=\"richTextElement\">\n<p class=\"font_2 wixui-rich-text__text\"><span class=\"wixui-rich-text__text\">Consiga un abdomen plano y tonificado con la abdominoplastia experta del Dr. Hurtado Vidal.<\/span><\/p>\n<p class=\"font_2 wixui-rich-text__text\"><span class=\"wixui-rich-text__text\"><\/span><\/p>\n<\/div>\n<div id=\"comp-lmobsmpz\" class=\"Z_l5lU ku3DBC zQ9jDz qvSjx3 Vq6kJx comp-lmobsmpz wixui-rich-text\" data-testid=\"richTextElement\">\n<h3 class=\"font_3 wixui-rich-text__text\">\u00bfQu\u00e9 es una Tummy Tuck?<\/h3>\n<\/div>\n<div id=\"comp-lnphc15d\" class=\"Z_l5lU ku3DBC zQ9jDz qvSjx3 Vq6kJx comp-lnphc15d wixui-rich-text\" data-testid=\"richTextElement\">\n<p class=\"font_2 wixui-rich-text__text\"><span class=\"wixui-rich-text__text\">Una abdominoplastia es tu boleto a un abdomen plano y tonificado. Dile adi\u00f3s a la grasa rebelde y a la piel fl\u00e1cida, y dale la bienvenida a una nueva versi\u00f3n de ti mismo, m\u00e1s seguro de ti mismo.<\/span><\/p>\n<\/div>\n<p>[\/et_pb_tab][et_pb_tab title=&#8221;FAQs&#8221; _builder_version=&#8221;4.27.4&#8243; _module_preset=&#8221;default&#8221; global_colors_info=&#8221;{}&#8221;]<\/p>\n<ul class=\"font_7 wixui-rich-text__text\">\n<li class=\"wixui-rich-text__text\">\n<p class=\"font_7 wixui-rich-text__text\"><strong class=\"wixui-rich-text__text\">P: En conclusi\u00f3n: \u00bfQu\u00e9 es una abdominoplastia?<\/strong><br class=\"wixui-rich-text__text\" \/>R: La abdominoplastia elimina el exceso de grasa y piel del abdomen, lo que da como resultado una zona media m\u00e1s plana y tonificada. El Dr. Hurtado Vidal es reconocido por sus resultados de abdominoplastia de aspecto natural.<\/p>\n<\/li>\n<\/ul>\n<p class=\"font_7 wixui-rich-text__text\">\n<ul class=\"font_7 wixui-rich-text__text\">\n<li class=\"wixui-rich-text__text\">\n<p class=\"font_7 wixui-rich-text__text\"><strong class=\"wixui-rich-text__text\">P: \u00bfEn qu\u00e9 se diferencia una abdominoplastia de una liposucci\u00f3n?<\/strong><br class=\"wixui-rich-text__text\" \/>R: Mientras que la liposucci\u00f3n elimina la grasa, la abdominoplastia tambi\u00e9n elimina el exceso de piel y puede tensar los m\u00fasculos abdominales.<\/p>\n<\/li>\n<\/ul>\n<p class=\"font_7 wixui-rich-text__text\">\n<ul class=\"font_7 wixui-rich-text__text\">\n<li class=\"wixui-rich-text__text\">\n<p class=\"font_7 wixui-rich-text__text\"><strong class=\"wixui-rich-text__text\">P: \u00bfCu\u00e1l es el tiempo de recuperaci\u00f3n de una abdominoplastia?<\/strong><br class=\"wixui-rich-text__text\" \/>R: El tiempo de recuperaci\u00f3n t\u00edpico es de 4 a 6 semanas, dependiendo de la extensi\u00f3n de la cirug\u00eda.<\/p>\n<\/li>\n<\/ul>\n<p class=\"font_7 wixui-rich-text__text\">\n<ul class=\"font_7 wixui-rich-text__text\">\n<li class=\"wixui-rich-text__text\">\n<p class=\"font_7 wixui-rich-text__text\"><strong class=\"wixui-rich-text__text\">P: \u00bfPuede una abdominoplastia ser parte de un Mommy Makeover?<\/strong><br class=\"wixui-rich-text__text\" \/>R: S\u00ed, una abdominoplastia a menudo se incluye en un Mommy Makeover, junto con procedimientos como el levantamiento de senos y la liposucci\u00f3n.<\/p>\n<\/li>\n<\/ul>\n<p>[\/et_pb_tab][et_pb_tab title=&#8221;ABOUT THE DOCTOR&#8221; _builder_version=&#8221;4.27.4&#8243; _module_preset=&#8221;default&#8221; global_colors_info=&#8221;{}&#8221;]<\/p>\n<div id=\"comp-lnph9d2f\" class=\"Z_l5lU ku3DBC zQ9jDz qvSjx3 Vq6kJx comp-lnph9d2f wixui-rich-text\" data-testid=\"richTextElement\">\n<div id=\"comp-lnph9d2f\" class=\"Z_l5lU ku3DBC zQ9jDz qvSjx3 Vq6kJx comp-lnph9d2f wixui-rich-text\" data-testid=\"richTextElement\">\n<h3 class=\"font_3 wixui-rich-text__text\"><span class=\"wixui-rich-text__text\">\u00bfPor qu\u00e9 elegir al Dr. Hurtado Vidal para su Tummy Tuck?<\/span><\/h3>\n<\/div>\n<div id=\"comp-lnphzmok\" class=\"Z_l5lU ku3DBC zQ9jDz qvSjx3 Vq6kJx comp-lnphzmok wixui-rich-text\" data-testid=\"richTextElement\">\n<p class=\"font_7 wixui-rich-text__text\">El procedimiento de abdominoplastia del Dr. Hurtado Vidal es el est\u00e1ndar de oro en el contorno corporal.<\/p>\n<\/div>\n<\/div>\n<p>[\/et_pb_tab][\/et_pb_tabs][et_pb_button button_url=&#8221;@ET-DC@eyJkeW5hbWljIjp0cnVlLCJjb250ZW50IjoicG9zdF9saW5rX3VybF9wYWdlIiwic2V0dGluZ3MiOnsicG9zdF9pZCI6IjIxMCJ9fQ==@&#8221; button_text=&#8221;Book your exclusive consultation&#8221; button_alignment=&#8221;right&#8221; _builder_version=&#8221;4.27.4&#8243; _dynamic_attributes=&#8221;button_url&#8221; _module_preset=&#8221;default&#8221; custom_button=&#8221;on&#8221; button_text_color=&#8221;#916F52&#8243; button_bg_color=&#8221;RGBA(255,255,255,0)&#8221; button_border_width=&#8221;1px&#8221; button_border_color=&#8221;#916F52&#8243; button_use_icon=&#8221;off&#8221; custom_padding=&#8221;12px|24px|12px|24px|true|true&#8221; button_bg_color_last_edited=&#8221;off|desktop&#8221; locked=&#8221;off&#8221; global_colors_info=&#8221;{}&#8221; button_bg_color__hover_enabled=&#8221;on|hover&#8221; button_border_width__hover_enabled=&#8221;on|desktop&#8221; button_border_width__hover=&#8221;1px&#8221; button_border_color__hover_enabled=&#8221;on|desktop&#8221; button_border_color__hover=&#8221;#8F794B&#8221; button_text_color__hover_enabled=&#8221;on|hover&#8221; button_text_color__hover=&#8221;#FCFAFA&#8221; button_bg_color__hover=&#8221;#916F52&#8243; button_bg_enable_color__hover=&#8221;on&#8221;][\/et_pb_button][\/et_pb_column][\/et_pb_row][\/et_pb_section]<\/p>","protected":false},"excerpt":{"rendered":"<p>Achieve a flat, toned abdomen with Dr. Hurtado Vidal&#8217;s expert Tummy Tuck. What is a Tummy Tuck? A Tummy Tuck is your ticket to a flat, toned abdomen. Say goodbye to stubborn fat and loose skin, and hello to a new, confident you. Q: In Conclusion: What is a Tummy Tuck?A: A Tummy Tuck, or [&hellip;]<\/p>","protected":false},"author":1,"featured_media":0,"parent":376,"menu_order":0,"comment_status":"closed","ping_status":"closed","template":"","meta":{"_et_pb_use_builder":"on","_et_pb_old_content":"","_et_gb_content_width":"","_joinchat":[],"footnotes":""},"class_list":["post-515","page","type-page","status-publish","hentry"],"_links":{"self":[{"href":"https:\/\/hurtadoplasticsurgery.com\/es\/wp-json\/wp\/v2\/pages\/515","targetHints":{"allow":["GET"]}}],"collection":[{"href":"https:\/\/hurtadoplasticsurgery.com\/es\/wp-json\/wp\/v2\/pages"}],"about":[{"href":"https:\/\/hurtadoplasticsurgery.com\/es\/wp-json\/wp\/v2\/types\/page"}],"author":[{"embeddable":true,"href":"https:\/\/hurtadoplasticsurgery.com\/es\/wp-json\/wp\/v2\/users\/1"}],"replies":[{"embeddable":true,"href":"https:\/\/hurtadoplasticsurgery.com\/es\/wp-json\/wp\/v2\/comments?post=515"}],"version-history":[{"count":6,"href":"https:\/\/hurtadoplasticsurgery.com\/es\/wp-json\/wp\/v2\/pages\/515\/revisions"}],"predecessor-version":[{"id":690,"href":"https:\/\/hurtadoplasticsurgery.com\/es\/wp-json\/wp\/v2\/pages\/515\/revisions\/690"}],"up":[{"embeddable":true,"href":"https:\/\/hurtadoplasticsurgery.com\/es\/wp-json\/wp\/v2\/pages\/376"}],"wp:attachment":[{"href":"https:\/\/hurtadoplasticsurgery.com\/es\/wp-json\/wp\/v2\/media?parent=515"}],"curies":[{"name":"wp","href":"https:\/\/api.w.org\/{rel}","templated":true}]}}