{"id":481,"date":"2025-08-04T23:12:40","date_gmt":"2025-08-04T23:12:40","guid":{"rendered":"https:\/\/hurtadoplasticsurgery.com\/?page_id=481"},"modified":"2025-08-06T10:34:03","modified_gmt":"2025-08-06T10:34:03","slug":"facelift","status":"publish","type":"page","link":"https:\/\/hurtadoplasticsurgery.com\/es\/procedures\/face\/facelift\/","title":{"rendered":"Facelift"},"content":{"rendered":"<p>[et_pb_section fb_built=&#8221;1&#8243; _builder_version=&#8221;4.27.4&#8243; _module_preset=&#8221;default&#8221; global_colors_info=&#8221;{}&#8221;][et_pb_row column_structure=&#8221;1_2,1_2&#8243; _builder_version=&#8221;4.27.4&#8243; _module_preset=&#8221;default&#8221; max_width=&#8221;1440px&#8221; custom_margin=&#8221;0px||0px||false|false&#8221; custom_padding=&#8221;0px||0px||true|false&#8221; locked=&#8221;off&#8221; global_colors_info=&#8221;{}&#8221;][et_pb_column type=&#8221;1_2&#8243; _builder_version=&#8221;4.27.4&#8243; _module_preset=&#8221;default&#8221; global_colors_info=&#8221;{}&#8221;][et_pb_image src=&#8221;https:\/\/hurtadoplasticsurgery.com\/wp-content\/uploads\/2025\/08\/pexels-shiny-diamond-3373716-scaled.jpg&#8221; alt=&#8221;Estiramiento Facial&#8221; title_text=&#8221;Estiramiento Facial&#8221; _builder_version=&#8221;4.27.4&#8243; _module_preset=&#8221;default&#8221; custom_margin=&#8221;0px||0px||true|false&#8221; custom_padding=&#8221;0px||0px||true|false&#8221; custom_css_free_form=&#8221;selector span.et_pb_image_wrap img {||  aspect-ratio: 1;||  object-fit: cover;||  width: fit-content;||}&#8221; global_colors_info=&#8221;{}&#8221;][\/et_pb_image][\/et_pb_column][et_pb_column type=&#8221;1_2&#8243; _builder_version=&#8221;4.27.4&#8243; _module_preset=&#8221;default&#8221; global_colors_info=&#8221;{}&#8221;][et_pb_heading title=&#8221;Facial Procedures&#8221; _builder_version=&#8221;4.27.4&#8243; _module_preset=&#8221;default&#8221; title_level=&#8221;h3&#8243; title_font=&#8221;&#8211;et_global_body_font|300|||||||&#8221; title_font_size=&#8221;20px&#8221; custom_margin=&#8221;||0px||false|false&#8221; global_colors_info=&#8221;{}&#8221;][\/et_pb_heading][et_pb_heading title=&#8221;Facelift&#8221; _builder_version=&#8221;4.27.4&#8243; _module_preset=&#8221;default&#8221; title_font=&#8221;|700|||||||&#8221; title_font_size=&#8221;48px&#8221; custom_margin=&#8221;||28px||false|false&#8221; global_colors_info=&#8221;{}&#8221;][\/et_pb_heading][et_pb_tabs active_tab_background_color=&#8221;RGBA(255,255,255,0)&#8221; inactive_tab_background_color=&#8221;RGBA(255,255,255,0)&#8221; active_tab_text_color=&#8221;#250C04&#8243; _builder_version=&#8221;4.27.4&#8243; _module_preset=&#8221;default&#8221; tab_text_color=&#8221;#250C04&#8243; body_text_color=&#8221;#916F52&#8243; tab_font=&#8221;&#8211;et_global_body_font|300||on|||||&#8221; tab_font_size=&#8221;14px&#8221; background_color=&#8221;RGBA(255,255,255,0)&#8221; custom_margin=&#8221;||28px||false|false&#8221; hover_enabled=&#8221;0&#8243; custom_css_free_form=&#8221;selector ul.et_pb_tabs_controls::after {||  border: 0;||}||||selector ul.et_pb_tabs_controls li:hover {||  border-bottom-color: #250C04 !important;||}&#8221; custom_css_tabs_controls=&#8221;background: transparent;||display: flex;||gap: 20px;&#8221; custom_css_tab=&#8221;border-right: 0;||border-bottom: 1px transparent solid;||transition: all 200ms;||||a {||  padding-left: 4px;||  padding-right: 4px;||}&#8221; custom_css_active_tab=&#8221;border-bottom: #250C04 1px solid !important;&#8221; custom_css_tabs_content=&#8221;padding: 12px 0;&#8221; border_width_all=&#8221;0px&#8221; border_style_all=&#8221;none&#8221; global_colors_info=&#8221;{}&#8221; sticky_enabled=&#8221;0&#8243;][et_pb_tab title=&#8221;DESCRIPTION&#8221; _builder_version=&#8221;4.27.4&#8243; _module_preset=&#8221;default&#8221; global_colors_info=&#8221;{}&#8221;]<\/p>\n<div id=\"comp-lmobsmpp\" class=\"Z_l5lU ku3DBC zQ9jDz qvSjx3 Vq6kJx comp-lmobsmpp wixui-rich-text\" data-testid=\"richTextElement\">\n<p class=\"font_2 wixui-rich-text__text\"><span class=\"wixui-rich-text__text\">Recupere su luminosidad juvenil con nuestro procedimiento de lifting facial de vanguardia. El Dr. Hurtado Vidal, reconocido cirujano pl\u00e1stico, se especializa en liftings faciales que ofrecen resultados naturales con un tiempo de recuperaci\u00f3n m\u00ednimo.<\/span><\/p>\n<p class=\"font_2 wixui-rich-text__text\"><span class=\"wixui-rich-text__text\"><\/span><\/p>\n<\/div>\n<div id=\"comp-lmobsmpz\" class=\"Z_l5lU ku3DBC zQ9jDz qvSjx3 Vq6kJx comp-lmobsmpz wixui-rich-text\" data-testid=\"richTextElement\">\n<h3 class=\"font_3 wixui-rich-text__text\">\u00bfQu\u00e9 es un Facelift?<\/h3>\n<\/div>\n<div id=\"comp-lnphc15d\" class=\"Z_l5lU ku3DBC zQ9jDz qvSjx3 Vq6kJx comp-lnphc15d wixui-rich-text\" data-testid=\"richTextElement\">\n<p class=\"font_2 wixui-rich-text__text\"><span class=\"wixui-rich-text__text\">Un facelift, conocido m\u00e9dicamente como ritidectom\u00eda, es un procedimiento quir\u00fargico dise\u00f1ado para reducir los signos visibles del envejecimiento en el rostro y el cuello. Tensa la piel fl\u00e1cida, suaviza las arrugas y rejuvenece la apariencia general.<\/span><\/p>\n<\/div>\n<p>[\/et_pb_tab][et_pb_tab title=&#8221;FAQs&#8221; _builder_version=&#8221;4.27.4&#8243; _module_preset=&#8221;default&#8221; global_colors_info=&#8221;{}&#8221;]<\/p>\n<ul class=\"font_7 wixui-rich-text__text\">\n<li class=\"wixui-rich-text__text\">\n<p class=\"font_7 wixui-rich-text__text\"><strong class=\"wixui-rich-text__text\">P: \u00bfQu\u00e9 es un Facelift?<\/strong><br class=\"wixui-rich-text__text\" \/>R: Un lifting facial, o ritidectom\u00eda, es un procedimiento quir\u00fargico que rejuvenece el rostro al levantar y tensar la piel fl\u00e1cida. El Dr. Hurtado Vidal es reconocido por lograr resultados de aspecto natural que retrasan el envejecimiento.<\/p>\n<\/li>\n<\/ul>\n<ul class=\"font_7 wixui-rich-text__text\">\n<li class=\"wixui-rich-text__text\">\n<p class=\"font_7 wixui-rich-text__text\"><strong class=\"wixui-rich-text__text\">P: \u00bfEn qu\u00e9 se diferencia un Facelift de las opciones no quir\u00fargicas?<\/strong><br class=\"wixui-rich-text__text\" \/>R: Si bien los tratamientos no quir\u00fargicos pueden ofrecer mejoras temporales, un Facelift  proporciona resultados m\u00e1s dram\u00e1ticos y duraderos al abordar las estructuras subyacentes de la cara.<\/p>\n<\/li>\n<li class=\"wixui-rich-text__text\">\n<p class=\"font_7 wixui-rich-text__text\"><strong class=\"wixui-rich-text__text\">P: \u00bfCu\u00e1l es el tiempo de recuperaci\u00f3n de un Facelift?<\/strong><br class=\"wixui-rich-text__text\" \/>R: El tiempo de recuperaci\u00f3n t\u00edpico para un Facelift  es de alrededor de 2 a 4 semanas, dependiendo de la extensi\u00f3n del procedimiento.<\/p>\n<\/li>\n<\/ul>\n<ul class=\"font_7 wixui-rich-text__text\">\n<li class=\"wixui-rich-text__text\">\n<p class=\"font_7 wixui-rich-text__text\"><strong class=\"wixui-rich-text__text\">P: \u00bfSe puede combinar un Facelift con otros procedimientos faciales?<\/strong><br class=\"wixui-rich-text__text\" \/>R: Por supuesto, un Facelift se puede combinar con procedimientos como la blefaroplastia o la rinoplastia para un rejuvenecimiento facial integral.<\/p>\n<\/li>\n<\/ul>\n<p>[\/et_pb_tab][et_pb_tab title=&#8221;ABOUT THE DOCTOR&#8221; _builder_version=&#8221;4.27.4&#8243; _module_preset=&#8221;default&#8221; hover_enabled=&#8221;0&#8243; global_colors_info=&#8221;{}&#8221; sticky_enabled=&#8221;0&#8243;]<\/p>\n<div id=\"comp-lnph9d2f\" class=\"Z_l5lU ku3DBC zQ9jDz qvSjx3 Vq6kJx comp-lnph9d2f wixui-rich-text\" data-testid=\"richTextElement\">\n<div id=\"comp-lnph9d2f\" class=\"Z_l5lU ku3DBC zQ9jDz qvSjx3 Vq6kJx comp-lnph9d2f wixui-rich-text\" data-testid=\"richTextElement\">\n<h3 class=\"font_3 wixui-rich-text__text\"><span class=\"wixui-rich-text__text\">\u00bfPor qu\u00e9 elegir al Dr. Hurtado Vidal?<\/span><\/h3>\n<\/div>\n<div id=\"comp-lnphzmok\" class=\"Z_l5lU ku3DBC zQ9jDz qvSjx3 Vq6kJx comp-lnphzmok wixui-rich-text\" data-testid=\"richTextElement\">\n<p class=\"font_7 wixui-rich-text__text\">Con a\u00f1os de experiencia y un enfoque en la atenci\u00f3n centrada en el paciente, el Dr. Hurtado Vidal garantiza una experiencia de estiramiento facial c\u00f3moda y exitosa.<\/p>\n<\/div>\n<\/div>\n<p>[\/et_pb_tab][\/et_pb_tabs][et_pb_button button_url=&#8221;@ET-DC@eyJkeW5hbWljIjp0cnVlLCJjb250ZW50IjoicG9zdF9saW5rX3VybF9wYWdlIiwic2V0dGluZ3MiOnsicG9zdF9pZCI6IjIxMCJ9fQ==@&#8221; button_text=&#8221;Book your exclusive consultation&#8221; button_alignment=&#8221;right&#8221; _builder_version=&#8221;4.27.4&#8243; _dynamic_attributes=&#8221;button_url&#8221; _module_preset=&#8221;default&#8221; custom_button=&#8221;on&#8221; button_text_color=&#8221;#916F52&#8243; button_bg_color=&#8221;RGBA(255,255,255,0)&#8221; button_border_width=&#8221;1px&#8221; button_border_color=&#8221;#916F52&#8243; button_use_icon=&#8221;off&#8221; custom_padding=&#8221;12px|24px|12px|24px|true|true&#8221; button_bg_color_last_edited=&#8221;off|desktop&#8221; locked=&#8221;off&#8221; global_colors_info=&#8221;{}&#8221; button_bg_color__hover_enabled=&#8221;on|hover&#8221; button_border_width__hover_enabled=&#8221;on|desktop&#8221; button_border_width__hover=&#8221;1px&#8221; button_border_color__hover_enabled=&#8221;on|desktop&#8221; button_border_color__hover=&#8221;#8F794B&#8221; button_text_color__hover_enabled=&#8221;on|hover&#8221; button_text_color__hover=&#8221;#FCFAFA&#8221; button_bg_color__hover=&#8221;#916F52&#8243; button_bg_enable_color__hover=&#8221;on&#8221;][\/et_pb_button][\/et_pb_column][\/et_pb_row][\/et_pb_section]<\/p>","protected":false},"excerpt":{"rendered":"<p>Rediscover your youthful radiance with our state-of-the-art facelift procedure. Dr. Hurtado Vidal, a renowned plastic surgeon, specializes in facelifts that offer natural-looking results with minimal downtime. What is a Facelift? A facelift, medically known as a rhytidectomy, is a surgical procedure designed to reduce visible signs of aging in the face and neck. It tightens [&hellip;]<\/p>","protected":false},"author":1,"featured_media":0,"parent":370,"menu_order":0,"comment_status":"closed","ping_status":"closed","template":"","meta":{"_et_pb_use_builder":"on","_et_pb_old_content":"","_et_gb_content_width":"","_joinchat":[],"footnotes":""},"class_list":["post-481","page","type-page","status-publish","hentry"],"_links":{"self":[{"href":"https:\/\/hurtadoplasticsurgery.com\/es\/wp-json\/wp\/v2\/pages\/481","targetHints":{"allow":["GET"]}}],"collection":[{"href":"https:\/\/hurtadoplasticsurgery.com\/es\/wp-json\/wp\/v2\/pages"}],"about":[{"href":"https:\/\/hurtadoplasticsurgery.com\/es\/wp-json\/wp\/v2\/types\/page"}],"author":[{"embeddable":true,"href":"https:\/\/hurtadoplasticsurgery.com\/es\/wp-json\/wp\/v2\/users\/1"}],"replies":[{"embeddable":true,"href":"https:\/\/hurtadoplasticsurgery.com\/es\/wp-json\/wp\/v2\/comments?post=481"}],"version-history":[{"count":7,"href":"https:\/\/hurtadoplasticsurgery.com\/es\/wp-json\/wp\/v2\/pages\/481\/revisions"}],"predecessor-version":[{"id":680,"href":"https:\/\/hurtadoplasticsurgery.com\/es\/wp-json\/wp\/v2\/pages\/481\/revisions\/680"}],"up":[{"embeddable":true,"href":"https:\/\/hurtadoplasticsurgery.com\/es\/wp-json\/wp\/v2\/pages\/370"}],"wp:attachment":[{"href":"https:\/\/hurtadoplasticsurgery.com\/es\/wp-json\/wp\/v2\/media?parent=481"}],"curies":[{"name":"wp","href":"https:\/\/api.w.org\/{rel}","templated":true}]}}